{"id":289,"date":"2020-11-23T18:37:34","date_gmt":"2020-11-23T17:37:34","guid":{"rendered":"http:\/\/mariaszot.pl\/?page_id=289"},"modified":"2021-06-28T00:14:38","modified_gmt":"2021-06-27T22:14:38","slug":"oferta","status":"publish","type":"page","link":"https:\/\/mariaszot.eu\/?page_id=289","title":{"rendered":"OFERTA"},"content":{"rendered":"\t\t<div data-elementor-type=\"wp-page\" data-elementor-id=\"289\" class=\"elementor elementor-289\" data-elementor-post-type=\"page\">\n\t\t\t\t\t\t<section class=\"elementor-section elementor-top-section elementor-element elementor-element-2b85f44 elementor-section-boxed elementor-section-height-default elementor-section-height-default\" data-id=\"2b85f44\" data-element_type=\"section\">\n\t\t\t\t\t\t<div class=\"elementor-container elementor-column-gap-default\">\n\t\t\t\t\t<div class=\"elementor-column elementor-col-100 elementor-top-column elementor-element elementor-element-50c6703\" data-id=\"50c6703\" data-element_type=\"column\">\n\t\t\t<div class=\"elementor-widget-wrap elementor-element-populated\">\n\t\t\t\t\t\t<div class=\"elementor-element elementor-element-e118351 elementor-widget thim-ekits-heading elementor-widget-thim-heading\" data-id=\"e118351\" data-element_type=\"widget\" data-widget_type=\"thim-heading.default\">\n\t\t\t\t<div class=\"elementor-widget-container\">\n\t\t\t<div class=\"sc_heading \"><h3 class=\"title\">OFERTA<\/h3><div class=\"sub-heading\"><p>Warto inwestowa\u0107 czas i pieni\u0105dze w nauk\u0119 j\u0119zyk\u00f3w obcych<\/p>\n<\/div><span class=\"line\"><\/span><\/div>\t\t<\/div>\n\t\t\t\t<\/div>\n\t\t\t\t<div class=\"elementor-element elementor-element-2a2cc03 elementor-widget elementor-widget-text-editor\" data-id=\"2a2cc03\" data-element_type=\"widget\" data-widget_type=\"text-editor.default\">\n\t\t\t\t<div class=\"elementor-widget-container\">\n\t\t\t<style>\/*! elementor - v3.21.0 - 18-04-2024 *\/\n.elementor-widget-text-editor.elementor-drop-cap-view-stacked .elementor-drop-cap{background-color:#69727d;color:#fff}.elementor-widget-text-editor.elementor-drop-cap-view-framed .elementor-drop-cap{color:#69727d;border:3px solid;background-color:transparent}.elementor-widget-text-editor:not(.elementor-drop-cap-view-default) .elementor-drop-cap{margin-top:8px}.elementor-widget-text-editor:not(.elementor-drop-cap-view-default) .elementor-drop-cap-letter{width:1em;height:1em}.elementor-widget-text-editor .elementor-drop-cap{float:left;text-align:center;line-height:1;font-size:50px}.elementor-widget-text-editor .elementor-drop-cap-letter{display:inline-block}<\/style>\t\t\t\t<h4><img fetchpriority=\"high\" decoding=\"async\" src=\"http:\/\/mariaszot.pl\/wp-content\/uploads\/2020\/11\/szkola-300x228-1.jpg\" alt=\"\" width=\"300\" height=\"228\"><\/h4>\n<p><\/p>\n<p><strong>OFERTA<\/strong><\/p>\n<p><strong>CZYM NASZA SZKO\u0141A WYR\u00d3\u017bNIA SI\u0118 NA TLE INNYCH? <br><\/strong><\/p>\n<ol>\n<li><strong>Otrzymasz bezp\u0142atn\u0105 pomoc j\u0119zykow\u0105 w przypadku:<\/strong><\/li>\n<\/ol>\n<ul>\n<li>Trudno\u015bci w szkole publicznej,<\/li>\n<li>Nieobecno\u015bci na zaj\u0119ciach,<\/li>\n<li>Trudno\u015bci \u201ena starcie\u201d dla nowych s\u0142uchaczy,<\/li>\n<li>Przygotowania do egzamin\u00f3w 8-klasisty, maturalnych i mi\u0119dzynarodowych oraz przeprowadzanie egzamin\u00f3w pr\u00f3bnych,<\/li>\n<li>Bezp\u0142atne pi\u0105tkowe (i nie tylko) konsultacje,<\/li>\n<li>Bezp\u0142atne dodatkowe lekcje na zako\u0144czenie roku szkolnego,<\/li>\n<li>Bezp\u0142atne \u201etreningi\u201d przedegzaminacyjne dla \u00f3smoklasist\u00f3w.<\/li>\n<\/ul>\n<ol start=\"2\">\n<li><strong>B\u0119dziesz mie\u0107<\/strong><strong> mo\u017cliwo\u015b\u0107 uczestniczenia w zaj\u0119ciach j\u0119zykowych z domu<\/strong> (zaj\u0119cia hybrydowe) w wypadku choroby lub <br>kwarantanny w czasie, gdy pozostali uczestnicy przebywaj\u0105 w siedzibie SJO Marii Szot .\n<\/li>\n<li><strong>Nawi\u0105\u017cesz kontakty mi\u0119dzynarodowe bior\u0105c udzia\u0142 w lekcjach online z <\/strong>nauczycielami i uczniami m.in. z <br>Turcji, Rumunii, Szwajcarii, Niemiec oraz Grecji.<strong> <br><\/strong><\/li>\n<\/ol>\n<ol start=\"4\">\n<li><strong>\u201eSekretariat blisko klienta\u201d <\/strong>pracuj\u0105cy w sta\u0142ych godzinach <strong>obs\u0142u\u017cy Ci\u0119, wesprze i b\u0119dzie w sta\u0142ym kontakcie.<\/strong><\/li>\n<\/ol>\n<ol start=\"5\">\n<li><strong>Wejdziesz na wy\u017cszy poziom j\u0119zykowy dzi\u0119ki sta\u0142ej, ci\u0105gle podnosz\u0105cej swoje kwalifikacje kadrze lektorskiej <\/strong><br>(w tym roku wzbogaci\u0142a swoje kompetencje o cykl szkole\u0144 z nowoczesnych technologii w nauczaniu j\u0119zyk\u00f3w obcych <br>oraz uko\u0144czy\u0142a Akademi\u0119 Pozytywnej Dyscypliny w Nauczaniu Dzieci i M\u0142odzie\u017cy) oraz <strong>metodykowi czuwaj\u0105cemu nad jako\u015bci\u0105 nauczania.<\/strong><strong> <br><\/strong><\/li>\n<\/ol>\n<ol start=\"6\">\n<li><strong>B\u0119dziesz uczy\u0142 si\u0119 we naszej w\u0142asnej bezpiecznej siedzibie wyposa\u017conej w nowoczesny sprz\u0119t <\/strong>\/na terenie szko\u0142y <br>przebywaj\u0105 wy\u0142\u0105cznie jej pracownicy oraz uczestnicy zaj\u0119\u0107, a sp\u00f3\u017aniaj\u0105cy si\u0119 po odbi\u00f3r dziecka po lekcji rodzic mo\u017ce <br>zadzwoni\u0107 i poprosi\u0107 o zaopiekowanie si\u0119 dzieckiem do czasu jego przyjazdu.<strong> <br><\/strong><\/li>\n<\/ol>\n<ol start=\"7\">\n<li><strong>M\u00f3wi\u0105 o nas, \u017ce najlepsza <\/strong><strong>\ud83d\ude0a<\/strong><strong> \u2013 <\/strong>ponad 25 lat na rynku to dow\u00f3d, \u017ce nasza jako\u015b\u0107 obroni\u0142a si\u0119 przed kryzysami, <br>ni\u017cem demograficznym i pandemi\u0105.<\/li>\n<\/ol>\n<p><strong>J\u0119zyki<\/strong><\/p>\n<ul>\n<li>Oferujemy nauk\u0119 j\u0119zyka angielskiego, niemieckiego, polskiego dla obcokrajowc\u00f3w oraz innych wg zainteresowania.<\/li>\n<li>Zapraszamy na lekcje w grupach (3-8 os\u00f3b), w parach lub lekcje indywidualne.<br>Przygotowujemy do egzaminu \u00f3smoklasisty oraz egzaminu maturalnego (poziom podstawowy i rozszerzony). <br>Prowadzimy konwersatoria, kursy specjalistyczne oraz lekcje online.<\/li>\n<\/ul>\n<p><strong>Grupy, zaj\u0119cia w parach, lekcje indywidualne&nbsp;<\/strong><\/p>\n<ul>\n<li><strong>Grupy licz\u0105ce od 3 os\u00f3b tworzone s\u0105 z uwzgl\u0119dnieniem nast\u0119puj\u0105cych kryteri\u00f3w:<\/strong><\/li>\n<\/ul>\n<p>wiek uczestnika, jego poziom j\u0119zykowy, osobowo\u015b\u0107 oraz w miar\u0119 mo\u017cliwo\u015bci oczekiwania dotycz\u0105ce godzin i dni zaj\u0119\u0107.<br>Nowi uczestnicy kwalifikowani s\u0105 do grup na podstawie bezp\u0142atnego testu diagnostycznego i\/lub rozmowy kwalifikacyjnej, <br>na kt\u00f3re mo\u017cna um\u00f3wi\u0107 si\u0119 telefonicznie.<\/p>\n<ul>\n<li><strong>Cz\u0119stotliwo\u015b\u0107 zaj\u0119\u0107<\/strong><\/li>\n<\/ul>\n<p>Zaj\u0119cia w grupach <strong>STANDARD<\/strong> odbywaj\u0105 si\u0119: dzieci 2 x 45 min., m\u0142odzie\u017c i doro\u015bli 1 x 90 min.<br><strong>Nowo\u015b\u0107 <\/strong>\u2013 kursy <strong>LIGHT<\/strong>: zaj\u0119cia 45 min. raz w tygodniu<\/p>\n<p>Ponadto oferujemy lekcje indywidualne, zaj\u0119cia w parach, dla zak\u0142ad\u00f3w pracy oraz kursy \u201ena \u017cyczenie\u201d.<\/p>\n<p><strong>Zaj\u0119cia indywidualne<\/strong><\/p>\n<p>Program, poziom, tempo nauki i dob\u00f3r materia\u0142\u00f3w s\u0105 \u015bci\u015ble dostosowane do potrzeb i oczekiwa\u0144 indywidualnego s\u0142uchacza. <br>Zaj\u0119cia mog\u0105 mie\u0107 form\u0119 konwersacji, przygotowania do egzaminu mi\u0119dzynarodowego, matury lub nadrabiania zaleg\u0142o\u015bci. <br>Szko\u0142a uzgadnia ze s\u0142uchaczem dogodny termin zaj\u0119\u0107, ich cz\u0119stotliwo\u015b\u0107, okres trwania oraz szczeg\u00f3\u0142y dotycz\u0105ce programu.<\/p>\n<p>UCZYMY SKUTECZNIE!!!<\/p>\n<p><u>Co jeszcze nas wyr\u00f3\u017cnia?<br><\/u>\u2705&nbsp;&nbsp; SOLIDNO\u015a\u0106 \u2013 Mo\u017cecie Pa\u0144stwo czu\u0107 si\u0119 bezpiecznie; Zadbamy o SOLIDNE przygotowanie do EGZAMINU Waszego dziecka<br>\u2705&nbsp;&nbsp; SPRAWDZONE I PRZEMY\u015aLANE METODY NAUCZANIA \u2013 Mog\u0105 Pa\u0144stwo by\u0107 spokojni o rozw\u00f3j dziecka<br>\u2705&nbsp;&nbsp; DO\u015aWIADCZENIE \u2013 uczymy skutecznie od 25 LAT! Zaufa\u0142o nam ju\u017c ponad 10000 klient\u00f3w<br>\u2705&nbsp;&nbsp; ROZW\u00d3J \u2013 nasza WYKWALIFIKOWANA KADRA jest stale wspierana metodycznie i rozwija swoje kompetencje<br>\u2705&nbsp;&nbsp; RELACJE Z NAUCZYCIELEM, WSPARCIE W TRUDNYCH SYTUACJACH \u2013 uczymy w ma\u0142ych grupach, co pozwala na zbudowanie relacji i sprawia, \u017ce uczestnicy lubi\u0105 i ceni\u0105 swojego lektora<br>\u2705&nbsp;&nbsp; INDYWIDUALNE PODEJ\u015aCIE do ka\u017cdego uczestnika \u2013 przy zawieraniu umowy, w wypadku trudno\u015bci na zaj\u0119ciach oraz precyzyjne kryteria przy doborze grupy<br>\u2705&nbsp;&nbsp; INFORMACJA ZWROTNA \u2013 dbamy o buduj\u0105c\u0105 informacj\u0119 zwrotn\u0105, dzi\u0119ki czemu nasi uczniowie zyskuj\u0105 pewno\u015b\u0107 siebie i motywacj\u0119 do nauki<br>\u2705&nbsp;&nbsp; MONITOROWANIE JAKO\u015aCI NAUCZANIA \u2013 stosujemy egzaminy wewn\u0119trzne oraz diagnozy post\u0119pu, lekcje s\u0105 hospitowane przez dyrektora metodycznego<br>\u2705&nbsp;&nbsp; SIEDZIBA SZKO\u0141Y \u2013 nasi kursanci ucz\u0105 si\u0119 w 6 salach, a Rodzice mog\u0105 czeka\u0107 w miejscach do tego przeznaczonych<br>\u2705&nbsp;&nbsp; KONTAKT \u2013&nbsp; dbamy o sta\u0142y kontakt z doros\u0142ym s\u0142uchaczem lub opiekunem, w przypadku nieobecno\u015bci kursanta,&nbsp; choroby, trudno\u015bci, zaproszenia na konsultacje oraz w innych sprawach wymagaj\u0105cych konsultacji<\/p>\n<p><\/p>\t\t\t\t\t\t<\/div>\n\t\t\t\t<\/div>\n\t\t\t\t\t<\/div>\n\t\t<\/div>\n\t\t\t\t\t<\/div>\n\t\t<\/section>\n\t\t\t\t<\/div>\n\t\t","protected":false},"excerpt":{"rendered":"<p>OFERTA Warto inwestowa\u0107 czas i pieni\u0105dze w nauk\u0119 j\u0119zyk\u00f3w obcych OFERTA CZYM NASZA SZKO\u0141A WYR\u00d3\u017bNIA SI\u0118 NA TLE INNYCH? Otrzymasz bezp\u0142atn\u0105 pomoc j\u0119zykow\u0105 w przypadku: Trudno\u015bci w szkole publicznej, Nieobecno\u015bci &hellip; <\/p>\n","protected":false},"author":1,"featured_media":0,"parent":0,"menu_order":0,"comment_status":"closed","ping_status":"closed","template":"","meta":{"_bbp_topic_count":0,"_bbp_reply_count":0,"_bbp_total_topic_count":0,"_bbp_total_reply_count":0,"_bbp_voice_count":0,"_bbp_anonymous_reply_count":0,"_bbp_topic_count_hidden":0,"_bbp_reply_count_hidden":0,"_bbp_forum_subforum_count":0,"footnotes":""},"_links":{"self":[{"href":"https:\/\/mariaszot.eu\/index.php?rest_route=\/wp\/v2\/pages\/289"}],"collection":[{"href":"https:\/\/mariaszot.eu\/index.php?rest_route=\/wp\/v2\/pages"}],"about":[{"href":"https:\/\/mariaszot.eu\/index.php?rest_route=\/wp\/v2\/types\/page"}],"author":[{"embeddable":true,"href":"https:\/\/mariaszot.eu\/index.php?rest_route=\/wp\/v2\/users\/1"}],"replies":[{"embeddable":true,"href":"https:\/\/mariaszot.eu\/index.php?rest_route=%2Fwp%2Fv2%2Fcomments&post=289"}],"version-history":[{"count":88,"href":"https:\/\/mariaszot.eu\/index.php?rest_route=\/wp\/v2\/pages\/289\/revisions"}],"predecessor-version":[{"id":1211,"href":"https:\/\/mariaszot.eu\/index.php?rest_route=\/wp\/v2\/pages\/289\/revisions\/1211"}],"wp:attachment":[{"href":"https:\/\/mariaszot.eu\/index.php?rest_route=%2Fwp%2Fv2%2Fmedia&parent=289"}],"curies":[{"name":"wp","href":"https:\/\/api.w.org\/{rel}","templated":true}]}}