{"id":197,"date":"2020-11-06T13:58:25","date_gmt":"2020-11-06T12:58:25","guid":{"rendered":"http:\/\/mariaszot.pl\/?page_id=197"},"modified":"2021-07-28T13:59:48","modified_gmt":"2021-07-28T11:59:48","slug":"dolacz-do-nas","status":"publish","type":"page","link":"https:\/\/mariaszot.eu\/?page_id=197","title":{"rendered":"DO\u0141\u0104CZ DO NAS"},"content":{"rendered":"\t\t<div data-elementor-type=\"wp-page\" data-elementor-id=\"197\" class=\"elementor elementor-197\" data-elementor-post-type=\"page\">\n\t\t\t\t\t\t<section class=\"elementor-section elementor-top-section elementor-element elementor-element-34562c36 elementor-section-boxed elementor-section-height-default elementor-section-height-default\" data-id=\"34562c36\" data-element_type=\"section\">\n\t\t\t\t\t\t<div class=\"elementor-container elementor-column-gap-no\">\n\t\t\t\t\t<div class=\"elementor-column elementor-col-100 elementor-top-column elementor-element elementor-element-1d4768fd\" data-id=\"1d4768fd\" data-element_type=\"column\">\n\t\t\t<div class=\"elementor-widget-wrap elementor-element-populated\">\n\t\t\t\t\t\t<div class=\"elementor-element elementor-element-69becad2 thim-ekits-heading-text-center elementor-widget thim-ekits-heading elementor-widget-thim-heading\" data-id=\"69becad2\" data-element_type=\"widget\" data-widget_type=\"thim-heading.default\">\n\t\t\t\t<div class=\"elementor-widget-container\">\n\t\t\t<div class=\"sc_heading text-center\"><h3 class=\"title\">DO\u0141\u0104CZ DO NAS<\/h3><span class=\"line\"><\/span><\/div>\t\t<\/div>\n\t\t\t\t<\/div>\n\t\t\t\t\t<\/div>\n\t\t<\/div>\n\t\t\t\t\t<\/div>\n\t\t<\/section>\n\t\t\t\t<section class=\"elementor-section elementor-top-section elementor-element elementor-element-6d07b859 elementor-section-boxed elementor-section-height-default elementor-section-height-default\" data-id=\"6d07b859\" data-element_type=\"section\">\n\t\t\t\t\t\t<div class=\"elementor-container elementor-column-gap-no\">\n\t\t\t\t\t<div class=\"elementor-column elementor-col-100 elementor-top-column elementor-element elementor-element-ec3a0ab\" data-id=\"ec3a0ab\" data-element_type=\"column\">\n\t\t\t<div class=\"elementor-widget-wrap elementor-element-populated\">\n\t\t\t\t\t\t<div class=\"elementor-element elementor-element-3dcbea2c elementor-widget elementor-widget-text-editor\" data-id=\"3dcbea2c\" data-element_type=\"widget\" data-widget_type=\"text-editor.default\">\n\t\t\t\t<div class=\"elementor-widget-container\">\n\t\t\t<style>\/*! elementor - v3.21.0 - 18-04-2024 *\/\n.elementor-widget-text-editor.elementor-drop-cap-view-stacked .elementor-drop-cap{background-color:#69727d;color:#fff}.elementor-widget-text-editor.elementor-drop-cap-view-framed .elementor-drop-cap{color:#69727d;border:3px solid;background-color:transparent}.elementor-widget-text-editor:not(.elementor-drop-cap-view-default) .elementor-drop-cap{margin-top:8px}.elementor-widget-text-editor:not(.elementor-drop-cap-view-default) .elementor-drop-cap-letter{width:1em;height:1em}.elementor-widget-text-editor .elementor-drop-cap{float:left;text-align:center;line-height:1;font-size:50px}.elementor-widget-text-editor .elementor-drop-cap-letter{display:inline-block}<\/style>\t\t\t\t<h5 style=\"text-align: center;\">Szacunek &#8211; Wsp\u00f3\u0142praca &#8211; Zaufanie<\/h5>\t\t\t\t\t\t<\/div>\n\t\t\t\t<\/div>\n\t\t\t\t\t<\/div>\n\t\t<\/div>\n\t\t\t\t\t<\/div>\n\t\t<\/section>\n\t\t\t\t<section class=\"elementor-section elementor-top-section elementor-element elementor-element-4a8d6cf3 elementor-section-boxed elementor-section-height-default elementor-section-height-default\" data-id=\"4a8d6cf3\" data-element_type=\"section\">\n\t\t\t\t\t\t<div class=\"elementor-container elementor-column-gap-no\">\n\t\t\t\t\t<div class=\"elementor-column elementor-col-100 elementor-top-column elementor-element elementor-element-40352fb4\" data-id=\"40352fb4\" data-element_type=\"column\">\n\t\t\t<div class=\"elementor-widget-wrap elementor-element-populated\">\n\t\t\t\t\t\t<div class=\"elementor-element elementor-element-4271891e elementor-widget elementor-widget-image\" data-id=\"4271891e\" data-element_type=\"widget\" data-widget_type=\"image.default\">\n\t\t\t\t<div class=\"elementor-widget-container\">\n\t\t\t<style>\/*! elementor - v3.21.0 - 18-04-2024 *\/\n.elementor-widget-image{text-align:center}.elementor-widget-image a{display:inline-block}.elementor-widget-image a img[src$=\".svg\"]{width:48px}.elementor-widget-image img{vertical-align:middle;display:inline-block}<\/style>\t\t\t\t\t\t\t\t\t\t<img fetchpriority=\"high\" decoding=\"async\" width=\"1170\" height=\"478\" src=\"https:\/\/mariaszot.eu\/wp-content\/uploads\/2020\/11\/become-teacher-1-1.jpg\" class=\"attachment-full size-full wp-image-199\" alt=\"\" srcset=\"https:\/\/mariaszot.eu\/wp-content\/uploads\/2020\/11\/become-teacher-1-1.jpg 1170w, https:\/\/mariaszot.eu\/wp-content\/uploads\/2020\/11\/become-teacher-1-1-600x245.jpg 600w, https:\/\/mariaszot.eu\/wp-content\/uploads\/2020\/11\/become-teacher-1-1-300x123.jpg 300w, https:\/\/mariaszot.eu\/wp-content\/uploads\/2020\/11\/become-teacher-1-1-1024x418.jpg 1024w, https:\/\/mariaszot.eu\/wp-content\/uploads\/2020\/11\/become-teacher-1-1-768x314.jpg 768w, https:\/\/mariaszot.eu\/wp-content\/uploads\/2020\/11\/become-teacher-1-1-200x82.jpg 200w\" sizes=\"(max-width: 1170px) 100vw, 1170px\" \/>\t\t\t\t\t\t\t\t\t\t\t\t\t<\/div>\n\t\t\t\t<\/div>\n\t\t\t\t\t<\/div>\n\t\t<\/div>\n\t\t\t\t\t<\/div>\n\t\t<\/section>\n\t\t\t\t<section class=\"elementor-section elementor-top-section elementor-element elementor-element-7da1d2b7 elementor-section-boxed elementor-section-height-default elementor-section-height-default\" data-id=\"7da1d2b7\" data-element_type=\"section\">\n\t\t\t\t\t\t<div class=\"elementor-container elementor-column-gap-no\">\n\t\t\t\t\t<div class=\"elementor-column elementor-col-100 elementor-top-column elementor-element elementor-element-44a6d07b\" data-id=\"44a6d07b\" data-element_type=\"column\">\n\t\t\t<div class=\"elementor-widget-wrap elementor-element-populated\">\n\t\t\t\t\t\t<div class=\"elementor-element elementor-element-6a1aca6b thim-ekits-heading-text-center elementor-widget thim-ekits-heading elementor-widget-thim-heading\" data-id=\"6a1aca6b\" data-element_type=\"widget\" data-widget_type=\"thim-heading.default\">\n\t\t\t\t<div class=\"elementor-widget-container\">\n\t\t\t<div class=\"sc_heading text-center\"><h3 class=\"title\">LEKTORZY J\u0118ZYKA ANGIELSKIEGO I NIEMIECKIEGO<\/h3><span class=\"line\"><\/span><\/div>\t\t<\/div>\n\t\t\t\t<\/div>\n\t\t\t\t\t<\/div>\n\t\t<\/div>\n\t\t\t\t\t<\/div>\n\t\t<\/section>\n\t\t\t\t<section class=\"elementor-section elementor-top-section elementor-element elementor-element-470fb666 elementor-section-boxed elementor-section-height-default elementor-section-height-default\" data-id=\"470fb666\" data-element_type=\"section\">\n\t\t\t\t\t\t<div class=\"elementor-container elementor-column-gap-extended\">\n\t\t\t\t\t<div class=\"elementor-column elementor-col-50 elementor-top-column elementor-element elementor-element-762c5109\" data-id=\"762c5109\" data-element_type=\"column\">\n\t\t\t<div class=\"elementor-widget-wrap elementor-element-populated\">\n\t\t\t\t\t\t<div class=\"elementor-element elementor-element-4dfca26 elementor-widget elementor-widget-heading\" data-id=\"4dfca26\" data-element_type=\"widget\" data-widget_type=\"heading.default\">\n\t\t\t\t<div class=\"elementor-widget-container\">\n\t\t\t<style>\/*! elementor - v3.21.0 - 18-04-2024 *\/\n.elementor-heading-title{padding:0;margin:0;line-height:1}.elementor-widget-heading .elementor-heading-title[class*=elementor-size-]>a{color:inherit;font-size:inherit;line-height:inherit}.elementor-widget-heading .elementor-heading-title.elementor-size-small{font-size:15px}.elementor-widget-heading .elementor-heading-title.elementor-size-medium{font-size:19px}.elementor-widget-heading .elementor-heading-title.elementor-size-large{font-size:29px}.elementor-widget-heading .elementor-heading-title.elementor-size-xl{font-size:39px}.elementor-widget-heading .elementor-heading-title.elementor-size-xxl{font-size:59px}<\/style><h2 class=\"elementor-heading-title elementor-size-default\">NAPISZ DO NAS<\/h2>\t\t<\/div>\n\t\t\t\t<\/div>\n\t\t\t\t<div class=\"elementor-element elementor-element-65961620 elementor-widget elementor-widget-shortcode\" data-id=\"65961620\" data-element_type=\"widget\" data-widget_type=\"shortcode.default\">\n\t\t\t\t<div class=\"elementor-widget-container\">\n\t\t\t\t\t<div class=\"elementor-shortcode\">\n<div class=\"wpcf7 no-js\" id=\"wpcf7-f184-o1\" lang=\"en-US\" dir=\"ltr\">\n<div class=\"screen-reader-response\"><p role=\"status\" aria-live=\"polite\" aria-atomic=\"true\"><\/p> <ul><\/ul><\/div>\n<form action=\"\/index.php?rest_route=%2Fwp%2Fv2%2Fpages%2F197#wpcf7-f184-o1\" method=\"post\" class=\"wpcf7-form init\" aria-label=\"Contact form\" novalidate=\"novalidate\" data-status=\"init\">\n<div style=\"display: none;\">\n<input type=\"hidden\" name=\"_wpcf7\" value=\"184\" \/>\n<input type=\"hidden\" name=\"_wpcf7_version\" value=\"5.9.8\" \/>\n<input type=\"hidden\" name=\"_wpcf7_locale\" value=\"en_US\" \/>\n<input type=\"hidden\" name=\"_wpcf7_unit_tag\" value=\"wpcf7-f184-o1\" \/>\n<input type=\"hidden\" name=\"_wpcf7_container_post\" value=\"0\" \/>\n<input type=\"hidden\" name=\"_wpcf7_posted_data_hash\" value=\"\" \/>\n<\/div>\n<p><span class=\"wpcf7-form-control-wrap\" data-name=\"your-name\"><input size=\"40\" maxlength=\"400\" class=\"wpcf7-form-control wpcf7-text wpcf7-validates-as-required\" aria-required=\"true\" aria-invalid=\"false\" placeholder=\"Imi\u0119 i Nazwisko *\" value=\"\" type=\"text\" name=\"your-name\" \/><\/span>\n<\/p>\n<p><span class=\"wpcf7-form-control-wrap\" data-name=\"your-email\"><input size=\"40\" maxlength=\"400\" class=\"wpcf7-form-control wpcf7-email wpcf7-validates-as-required wpcf7-text wpcf7-validates-as-email\" aria-required=\"true\" aria-invalid=\"false\" placeholder=\"Email *\" value=\"\" type=\"email\" name=\"your-email\" \/><\/span>\n<\/p>\n<p><span class=\"wpcf7-form-control-wrap\" data-name=\"your-subject\"><input size=\"40\" maxlength=\"400\" class=\"wpcf7-form-control wpcf7-text wpcf7-validates-as-required\" aria-required=\"true\" aria-invalid=\"false\" placeholder=\"Tytu\u0142 *\" value=\"\" type=\"text\" name=\"your-subject\" \/><\/span>\n<\/p>\n<p><span class=\"wpcf7-form-control-wrap\" data-name=\"your-message\"><textarea cols=\"40\" rows=\"10\" maxlength=\"2000\" class=\"wpcf7-form-control wpcf7-textarea wpcf7-validates-as-required\" aria-required=\"true\" aria-invalid=\"false\" placeholder=\"Wiadomo\u015b\u0107 *\" name=\"your-message\"><\/textarea><\/span>\n<\/p>\n<p><input class=\"wpcf7-form-control wpcf7-submit has-spinner\" type=\"submit\" value=\"WY\u015aLIJ\" \/>\n<\/p><div class=\"wpcf7-response-output\" aria-hidden=\"true\"><\/div>\n<\/form>\n<\/div>\n<\/div>\n\t\t\t\t<\/div>\n\t\t\t\t<\/div>\n\t\t\t\t\t<\/div>\n\t\t<\/div>\n\t\t\t\t<div class=\"elementor-column elementor-col-50 elementor-top-column elementor-element elementor-element-948080d\" data-id=\"948080d\" data-element_type=\"column\">\n\t\t\t<div class=\"elementor-widget-wrap elementor-element-populated\">\n\t\t\t\t\t\t<div class=\"elementor-element elementor-element-5ab11c72 thim-widget-tab elementor-widget thim-widget-tab template-tab\" data-id=\"5ab11c72\" data-element_type=\"widget\" data-widget_type=\"thim-tab.default\">\n\t\t\t\t<div class=\"elementor-widget-container\">\n\t\t\t<ul class=\"nav nav-tabs\" role=\"tablist\"><li role=\"presentation\" class='active tab-col-3'><a href=\"#thim-widget-tab-11777386062-1-12\"  role=\"tab\" data-toggle=\"tab\"><span>Oczekiwania<\/span><\/a><\/li><li role=\"presentation\" class='tab-col-3'><a href=\"#thim-widget-tab-21777386062-1-12\"  role=\"tab\" data-toggle=\"tab\"><span>Zapewniamy<\/span><\/a><\/li><li role=\"presentation\" class='tab-col-3'><a href=\"#thim-widget-tab-31777386062-1-12\"  role=\"tab\" data-toggle=\"tab\"><span>Przebieg rekrutacji<\/span><\/a><\/li><\/ul><div class=\"tab-content\"> <div role=\"tabpanel\" class=\"tab-pane active\" id=\"thim-widget-tab-11777386062-1-12\">Kwalifikacje j\u0119zykowe i metodyczne, entuzjazm w nauczaniu, gotowo\u015b\u0107 do podejmowania wyzwa\u0144, pasja i energia, umiej\u0119tno\u015b\u0107 pracy z dzie\u0107mi i\/lub m\u0142odzie\u017c\u0105, umiej\u0119tno\u015b\u0107 pracy zespo\u0142owej, wysoka kultura osobista, odporno\u015b\u0107 na stres, inwencja i pomys\u0142owo\u015b\u0107, otwarcie na rozw\u00f3j dydaktyczno-metodyczny.<\/br>\nDo\u015bwiadczenie w nauczaniu online i znajomo\u015b\u0107 nowoczesnych technologii mile widziane.\n<\/div> <div role=\"tabpanel\" class=\"tab-pane\" id=\"thim-widget-tab-21777386062-1-12\">Wsp\u00f3\u0142prac\u0119 na przejrzystych warunkach zatrudnienia, gwarancj\u0119 terminowej wyp\u0142aty wynagrodzenia na podstawie zawartej umowy zlecenia lub wystawionego rachunku, odprowadzenie podatk\u00f3w i ubezpieczenia, grafik zaj\u0119\u0107 dostosowany do mo\u017cliwo\u015bci czasowych lektora, swobod\u0119 w nauczaniu w ramach naszych standard\u00f3w, wsparcie metodyczne, atmosfer\u0119 wzajemnego uczenia si\u0119, materia\u0142y dydaktyczne, mo\u017cliwo\u015b\u0107 rozwoju.<\/div> <div role=\"tabpanel\" class=\"tab-pane\" id=\"thim-widget-tab-31777386062-1-12\">1. Zg\u0142oszenie mailem, przes\u0142anie CV i dokument\u00f3w potwierdzaj\u0105cych kwalifikacje do nauczania j\u0119zyka angielskiego, list\u00f3w polecaj\u0105cych, listu motywacyjnego;<\/br>\n2. Zaproszenie na rozmow\u0119 w siedzibie szko\u0142y.<\/br>\n3. Podj\u0119cie decyzji, uzgodnienie warunk\u00f3w wsp\u00f3\u0142pracy i zawarcie umowy.<\/br><\/br>\n<b>Je\u015bli masz jeszcze jakie\u015b pytania - napisz do nas! Je\u015bli jeste\u015b gotowa\/y - aplikuj \u015bmia\u0142o. Zapraszamy!\n<\/div><\/div>\t\t<\/div>\n\t\t\t\t<\/div>\n\t\t\t\t\t<\/div>\n\t\t<\/div>\n\t\t\t\t\t<\/div>\n\t\t<\/section>\n\t\t\t\t<\/div>\n\t\t","protected":false},"excerpt":{"rendered":"<p>DO\u0141\u0104CZ DO NAS Szacunek &#8211; Wsp\u00f3\u0142praca &#8211; Zaufanie LEKTORZY J\u0118ZYKA ANGIELSKIEGO I NIEMIECKIEGO NAPISZ DO NAS Oczekiwania Zapewniamy Przebieg rekrutacji Kwalifikacje j\u0119zykowe i metodyczne, entuzjazm w nauczaniu, gotowo\u015b\u0107 do podejmowania &hellip; <\/p>\n","protected":false},"author":1,"featured_media":199,"parent":0,"menu_order":0,"comment_status":"closed","ping_status":"closed","template":"","meta":{"_bbp_topic_count":0,"_bbp_reply_count":0,"_bbp_total_topic_count":0,"_bbp_total_reply_count":0,"_bbp_voice_count":0,"_bbp_anonymous_reply_count":0,"_bbp_topic_count_hidden":0,"_bbp_reply_count_hidden":0,"_bbp_forum_subforum_count":0,"footnotes":""},"_links":{"self":[{"href":"https:\/\/mariaszot.eu\/index.php?rest_route=\/wp\/v2\/pages\/197"}],"collection":[{"href":"https:\/\/mariaszot.eu\/index.php?rest_route=\/wp\/v2\/pages"}],"about":[{"href":"https:\/\/mariaszot.eu\/index.php?rest_route=\/wp\/v2\/types\/page"}],"author":[{"embeddable":true,"href":"https:\/\/mariaszot.eu\/index.php?rest_route=\/wp\/v2\/users\/1"}],"replies":[{"embeddable":true,"href":"https:\/\/mariaszot.eu\/index.php?rest_route=%2Fwp%2Fv2%2Fcomments&post=197"}],"version-history":[{"count":58,"href":"https:\/\/mariaszot.eu\/index.php?rest_route=\/wp\/v2\/pages\/197\/revisions"}],"predecessor-version":[{"id":1288,"href":"https:\/\/mariaszot.eu\/index.php?rest_route=\/wp\/v2\/pages\/197\/revisions\/1288"}],"wp:featuredmedia":[{"embeddable":true,"href":"https:\/\/mariaszot.eu\/index.php?rest_route=\/wp\/v2\/media\/199"}],"wp:attachment":[{"href":"https:\/\/mariaszot.eu\/index.php?rest_route=%2Fwp%2Fv2%2Fmedia&parent=197"}],"curies":[{"name":"wp","href":"https:\/\/api.w.org\/{rel}","templated":true}]}}