{"id":11,"date":"2020-11-02T19:05:18","date_gmt":"2020-11-02T18:05:18","guid":{"rendered":"http:\/\/mariaszot.pl\/moje-konto\/"},"modified":"2020-11-02T19:05:18","modified_gmt":"2020-11-02T18:05:18","slug":"moje-konto","status":"publish","type":"page","link":"https:\/\/mariaszot.eu\/?page_id=11","title":{"rendered":"Moje konto"},"content":{"rendered":"<div class=\"woocommerce\"><div class=\"woocommerce-notices-wrapper\"><\/div>\n<div class=\"col2-set\" id=\"customer_login\">\n\n\t\n\t\t<h2>Zaloguj Si\u0119<\/h2>\n\n\t\t<form method=\"post\" class=\"login\">\n\n\t\t\t\n\t\t\t<p class=\"form-row form-row-wide\">\n\t\t\t\t<input type=\"text\" class=\"input-text\" name=\"username\" id=\"username\" autocomplete=\"username\"\n\t\t\t\t\t   placeholder=\"Nazwa u\u017cytkownika lub adres e-mail\"\n\t\t\t\t\t   value=\"\"\/>\n\t\t\t<\/p>\n\n\t\t\t<p class=\"form-row form-row-wide\">\n\t\t\t\t<input class=\"input-text\" type=\"password\" name=\"password\" id=\"password\" autocomplete=\"current-password\"  placeholder=\"Has\u0142o\" \/>\n\t\t\t<\/p>\n\n\t\t\t\n\t\t\t<div class=\"row\">\n\t\t\t\t<div class=\"col-xs-6 remember\">\n\t\t\t\t\t<label for=\"rememberme\" class=\"inline\">\n\t\t\t\t\t\t<input name=\"rememberme\" type=\"checkbox\" id=\"rememberme\"\n\t\t\t\t\t\t\t   value=\"forever\"\/> Zapami\u0119taj mnie\t\t\t\t\t<\/label>\n\t\t\t\t<\/div>\n\n\t\t\t\t<div class=\"col-xs-6 lost-password\">\n\t\t\t\t\t<p class=\"lost_password\">\n\t\t\t\t\t\t<a href=\"https:\/\/mariaszot.eu\/?page_id=11&#038;lost-password\">Zgubi\u0142e\u015b has\u0142o?<\/a>\n\t\t\t\t\t<\/p>\n\t\t\t\t<\/div>\n\t\t\t<\/div>\n\n\t\t\t<p class=\"form-row\">\n\t\t\t\t<input type=\"hidden\" id=\"_wpnonce\" name=\"_wpnonce\" value=\"402c06cdfc\" \/><input type=\"hidden\" name=\"_wp_http_referer\" value=\"\/index.php?rest_route=%2Fwp%2Fv2%2Fpages%2F11\" \/>\t\t\t\t<input type=\"submit\" class=\"button\" name=\"login\" value=\"Zaloguj Si\u0119\"\/>\n\t\t\t<\/p>\n\n\t\t\t\n\t\t<\/form>\n\n\t\t\n<\/div>\n\n<\/div>\n","protected":false},"excerpt":{"rendered":"","protected":false},"author":1,"featured_media":0,"parent":0,"menu_order":0,"comment_status":"closed","ping_status":"closed","template":"","meta":{"_bbp_topic_count":0,"_bbp_reply_count":0,"_bbp_total_topic_count":0,"_bbp_total_reply_count":0,"_bbp_voice_count":0,"_bbp_anonymous_reply_count":0,"_bbp_topic_count_hidden":0,"_bbp_reply_count_hidden":0,"_bbp_forum_subforum_count":0,"footnotes":""},"_links":{"self":[{"href":"https:\/\/mariaszot.eu\/index.php?rest_route=\/wp\/v2\/pages\/11"}],"collection":[{"href":"https:\/\/mariaszot.eu\/index.php?rest_route=\/wp\/v2\/pages"}],"about":[{"href":"https:\/\/mariaszot.eu\/index.php?rest_route=\/wp\/v2\/types\/page"}],"author":[{"embeddable":true,"href":"https:\/\/mariaszot.eu\/index.php?rest_route=\/wp\/v2\/users\/1"}],"replies":[{"embeddable":true,"href":"https:\/\/mariaszot.eu\/index.php?rest_route=%2Fwp%2Fv2%2Fcomments&post=11"}],"version-history":[{"count":0,"href":"https:\/\/mariaszot.eu\/index.php?rest_route=\/wp\/v2\/pages\/11\/revisions"}],"wp:attachment":[{"href":"https:\/\/mariaszot.eu\/index.php?rest_route=%2Fwp%2Fv2%2Fmedia&parent=11"}],"curies":[{"name":"wp","href":"https:\/\/api.w.org\/{rel}","templated":true}]}}